{"id":563,"date":"2022-02-21T15:08:37","date_gmt":"2022-02-21T15:08:37","guid":{"rendered":"https:\/\/envalys.is\/?page_id=563"},"modified":"2025-02-13T15:33:33","modified_gmt":"2025-02-13T15:33:33","slug":"projects","status":"publish","type":"page","link":"https:\/\/envalys.is\/en\/projects\/","title":{"rendered":"Projects"},"content":{"rendered":"\t\t<div data-elementor-type=\"wp-page\" data-elementor-id=\"563\" class=\"elementor elementor-563\" data-elementor-post-type=\"page\">\n\t\t\t\t\t\t<section class=\"elementor-section elementor-top-section elementor-element elementor-element-37de24b5 elementor-section-height-min-height elementor-section-boxed elementor-section-height-default elementor-section-items-middle\" data-id=\"37de24b5\" data-element_type=\"section\" data-settings=\"{&quot;background_background&quot;:&quot;classic&quot;}\">\n\t\t\t\t\t\t\t<div class=\"elementor-background-overlay\"><\/div>\n\t\t\t\t\t\t\t<div class=\"elementor-container elementor-column-gap-no\">\n\t\t\t\t\t<div class=\"elementor-column elementor-col-100 elementor-top-column elementor-element elementor-element-56fdeaed\" data-id=\"56fdeaed\" data-element_type=\"column\">\n\t\t\t<div class=\"elementor-widget-wrap elementor-element-populated\">\n\t\t\t\t\t\t<div class=\"elementor-element elementor-element-c9533a5 animated-slow elementor-invisible elementor-widget elementor-widget-heading\" data-id=\"c9533a5\" data-element_type=\"widget\" data-settings=\"{&quot;_animation&quot;:&quot;fadeInDown&quot;,&quot;_animation_delay&quot;:200}\" data-widget_type=\"heading.default\">\n\t\t\t\t<div class=\"elementor-widget-container\">\n\t\t\t\t\t<h1 class=\"elementor-heading-title elementor-size-default\">Design &amp; Planning Projects<\/h1>\t\t\t\t<\/div>\n\t\t\t\t<\/div>\n\t\t\t\t<div class=\"elementor-element elementor-element-7f532fa0 elementor-invisible elementor-widget elementor-widget-heading\" data-id=\"7f532fa0\" data-element_type=\"widget\" data-settings=\"{&quot;_animation&quot;:&quot;fadeIn&quot;,&quot;_animation_delay&quot;:500}\" data-widget_type=\"heading.default\">\n\t\t\t\t<div class=\"elementor-widget-container\">\n\t\t\t\t\t<h4 class=\"elementor-heading-title elementor-size-default\">We're so proud of the projects that ENVALYS is helping to bring to life. Here's a small sampling of them.<\/h4>\t\t\t\t<\/div>\n\t\t\t\t<\/div>\n\t\t\t\t\t<\/div>\n\t\t<\/div>\n\t\t\t\t\t<\/div>\n\t\t<\/section>\n\t\t\t\t<section class=\"elementor-section elementor-top-section elementor-element elementor-element-78423f7 elementor-section-boxed elementor-section-height-default elementor-section-height-default\" data-id=\"78423f7\" data-element_type=\"section\" data-settings=\"{&quot;background_background&quot;:&quot;classic&quot;}\">\n\t\t\t\t\t\t<div class=\"elementor-container elementor-column-gap-default\">\n\t\t\t\t\t<div class=\"elementor-column elementor-col-100 elementor-top-column elementor-element elementor-element-18340f9\" data-id=\"18340f9\" data-element_type=\"column\">\n\t\t\t<div class=\"elementor-widget-wrap elementor-element-populated\">\n\t\t\t\t\t\t<div class=\"elementor-element elementor-element-b5ba789 elementor-grid-3 elementor-grid-tablet-2 elementor-grid-mobile-1 elementor-invisible elementor-widget elementor-widget-portfolio\" data-id=\"b5ba789\" data-element_type=\"widget\" data-settings=\"{&quot;row_gap&quot;:{&quot;unit&quot;:&quot;px&quot;,&quot;size&quot;:8,&quot;sizes&quot;:[]},&quot;_animation&quot;:&quot;fadeInLeft&quot;,&quot;columns&quot;:&quot;3&quot;,&quot;columns_tablet&quot;:&quot;2&quot;,&quot;columns_mobile&quot;:&quot;1&quot;,&quot;item_ratio&quot;:{&quot;unit&quot;:&quot;px&quot;,&quot;size&quot;:0.66,&quot;sizes&quot;:[]},&quot;item_gap&quot;:{&quot;unit&quot;:&quot;px&quot;,&quot;size&quot;:&quot;&quot;,&quot;sizes&quot;:[]}}\" data-widget_type=\"portfolio.default\">\n\t\t\t\t<div class=\"elementor-widget-container\">\n\t\t\t\t\t\t\t<div class=\"elementor-portfolio elementor-grid elementor-posts-container\" role=\"list\">\n\t\t\t\t<article class=\"elementor-portfolio-item elementor-post  post-526 projects type-projects status-publish has-post-thumbnail hentry project_type-design-planning\" role=\"listitem\">\n\t\t\t<a class=\"elementor-post__thumbnail__link\" href=\"https:\/\/envalys.is\/en\/projects\/the-upper-part-of-borgarland\/\">\n\t\t\t\t<div class=\"elementor-portfolio-item__img elementor-post__thumbnail\">\n\t\t\t<img fetchpriority=\"high\" decoding=\"async\" width=\"1024\" height=\"683\" src=\"https:\/\/envalys.is\/wp-content\/uploads\/2022\/02\/i1.jpg\" class=\"attachment-full size-full wp-image-527\" alt=\"\" srcset=\"https:\/\/envalys.is\/wp-content\/uploads\/2022\/02\/i1.jpg 1024w, https:\/\/envalys.is\/wp-content\/uploads\/2022\/02\/i1-300x200.jpg 300w, https:\/\/envalys.is\/wp-content\/uploads\/2022\/02\/i1-768x512.jpg 768w\" sizes=\"(max-width: 1024px) 100vw, 1024px\" \/>\t\t<\/div>\n\t\t\t\t<div class=\"elementor-portfolio-item__overlay\">\n\t\t\t\t<h3 class=\"elementor-portfolio-item__title\">\n\t\tThe Upper Part of Borgarland\t\t<\/h3>\n\t\t\t\t<\/div>\n\t\t\t\t<\/a>\n\t\t<\/article>\n\t\t\t\t<article class=\"elementor-portfolio-item elementor-post  post-837 projects type-projects status-publish has-post-thumbnail hentry project_type-design-planning\" role=\"listitem\">\n\t\t\t<a class=\"elementor-post__thumbnail__link\" href=\"https:\/\/envalys.is\/en\/projects\/blonduos-heating-plant\/\">\n\t\t\t\t<div class=\"elementor-portfolio-item__img elementor-post__thumbnail\">\n\t\t\t<img decoding=\"async\" width=\"1400\" height=\"788\" src=\"https:\/\/envalys.is\/wp-content\/uploads\/2022\/02\/4-2.jpg\" class=\"attachment-full size-full wp-image-846\" alt=\"\" srcset=\"https:\/\/envalys.is\/wp-content\/uploads\/2022\/02\/4-2.jpg 1400w, https:\/\/envalys.is\/wp-content\/uploads\/2022\/02\/4-2-300x169.jpg 300w, https:\/\/envalys.is\/wp-content\/uploads\/2022\/02\/4-2-1024x576.jpg 1024w, https:\/\/envalys.is\/wp-content\/uploads\/2022\/02\/4-2-768x432.jpg 768w\" sizes=\"(max-width: 1400px) 100vw, 1400px\" \/>\t\t<\/div>\n\t\t\t\t<div class=\"elementor-portfolio-item__overlay\">\n\t\t\t\t<h3 class=\"elementor-portfolio-item__title\">\n\t\tBl\u00f6ndu\u00f3s &#8211; Heating Plant\t\t<\/h3>\n\t\t\t\t<\/div>\n\t\t\t\t<\/a>\n\t\t<\/article>\n\t\t\t\t<article class=\"elementor-portfolio-item elementor-post  post-856 projects type-projects status-publish has-post-thumbnail hentry project_type-design-planning\" role=\"listitem\">\n\t\t\t<a class=\"elementor-post__thumbnail__link\" href=\"https:\/\/envalys.is\/en\/projects\/isafjordur-sports-center-at-torfnes\/\">\n\t\t\t\t<div class=\"elementor-portfolio-item__img elementor-post__thumbnail\">\n\t\t\t<img decoding=\"async\" width=\"1400\" height=\"788\" src=\"https:\/\/envalys.is\/wp-content\/uploads\/2022\/02\/2-3.jpg\" class=\"attachment-full size-full wp-image-859\" alt=\"\" srcset=\"https:\/\/envalys.is\/wp-content\/uploads\/2022\/02\/2-3.jpg 1400w, https:\/\/envalys.is\/wp-content\/uploads\/2022\/02\/2-3-300x169.jpg 300w, https:\/\/envalys.is\/wp-content\/uploads\/2022\/02\/2-3-1024x576.jpg 1024w, https:\/\/envalys.is\/wp-content\/uploads\/2022\/02\/2-3-768x432.jpg 768w\" sizes=\"(max-width: 1400px) 100vw, 1400px\" \/>\t\t<\/div>\n\t\t\t\t<div class=\"elementor-portfolio-item__overlay\">\n\t\t\t\t<h3 class=\"elementor-portfolio-item__title\">\n\t\t\u00cdsafj\u00f6r\u00f0ur &#8211; Sports Center at Torfnes\t\t<\/h3>\n\t\t\t\t<\/div>\n\t\t\t\t<\/a>\n\t\t<\/article>\n\t\t\t\t<article class=\"elementor-portfolio-item elementor-post  post-884 projects type-projects status-publish has-post-thumbnail hentry project_type-design-planning\" role=\"listitem\">\n\t\t\t<a class=\"elementor-post__thumbnail__link\" href=\"https:\/\/envalys.is\/en\/projects\/vikurland-6a\/\">\n\t\t\t\t<div class=\"elementor-portfolio-item__img elementor-post__thumbnail\">\n\t\t\t<img loading=\"lazy\" decoding=\"async\" width=\"1400\" height=\"875\" src=\"https:\/\/envalys.is\/wp-content\/uploads\/2022\/02\/1-4.jpg\" class=\"attachment-full size-full wp-image-887\" alt=\"\" srcset=\"https:\/\/envalys.is\/wp-content\/uploads\/2022\/02\/1-4.jpg 1400w, https:\/\/envalys.is\/wp-content\/uploads\/2022\/02\/1-4-300x188.jpg 300w, https:\/\/envalys.is\/wp-content\/uploads\/2022\/02\/1-4-1024x640.jpg 1024w, https:\/\/envalys.is\/wp-content\/uploads\/2022\/02\/1-4-768x480.jpg 768w\" sizes=\"(max-width: 1400px) 100vw, 1400px\" \/>\t\t<\/div>\n\t\t\t\t<div class=\"elementor-portfolio-item__overlay\">\n\t\t\t\t<h3 class=\"elementor-portfolio-item__title\">\n\t\tV\u00edkurland 6A\t\t<\/h3>\n\t\t\t\t<\/div>\n\t\t\t\t<\/a>\n\t\t<\/article>\n\t\t\t\t<article class=\"elementor-portfolio-item elementor-post  post-925 projects type-projects status-publish has-post-thumbnail hentry project_type-design-planning\" role=\"listitem\">\n\t\t\t<a class=\"elementor-post__thumbnail__link\" href=\"https:\/\/envalys.is\/en\/projects\/hotel-framtid\/\">\n\t\t\t\t<div class=\"elementor-portfolio-item__img elementor-post__thumbnail\">\n\t\t\t<img loading=\"lazy\" decoding=\"async\" width=\"1024\" height=\"683\" src=\"https:\/\/envalys.is\/wp-content\/uploads\/2022\/02\/i1-2.jpg\" class=\"attachment-full size-full wp-image-928\" alt=\"\" srcset=\"https:\/\/envalys.is\/wp-content\/uploads\/2022\/02\/i1-2.jpg 1024w, https:\/\/envalys.is\/wp-content\/uploads\/2022\/02\/i1-2-300x200.jpg 300w, https:\/\/envalys.is\/wp-content\/uploads\/2022\/02\/i1-2-768x512.jpg 768w\" sizes=\"(max-width: 1024px) 100vw, 1024px\" \/>\t\t<\/div>\n\t\t\t\t<div class=\"elementor-portfolio-item__overlay\">\n\t\t\t\t<h3 class=\"elementor-portfolio-item__title\">\n\t\tHotel Framt\u00ed\u00f0\t\t<\/h3>\n\t\t\t\t<\/div>\n\t\t\t\t<\/a>\n\t\t<\/article>\n\t\t\t\t<article class=\"elementor-portfolio-item elementor-post  post-930 projects type-projects status-publish has-post-thumbnail hentry project_type-design-planning\" role=\"listitem\">\n\t\t\t<a class=\"elementor-post__thumbnail__link\" href=\"https:\/\/envalys.is\/en\/projects\/markarland-10-16\/\">\n\t\t\t\t<div class=\"elementor-portfolio-item__img elementor-post__thumbnail\">\n\t\t\t<img loading=\"lazy\" decoding=\"async\" width=\"1024\" height=\"683\" src=\"https:\/\/envalys.is\/wp-content\/uploads\/2022\/02\/i1-3.jpg\" class=\"attachment-full size-full wp-image-933\" alt=\"\" srcset=\"https:\/\/envalys.is\/wp-content\/uploads\/2022\/02\/i1-3.jpg 1024w, https:\/\/envalys.is\/wp-content\/uploads\/2022\/02\/i1-3-300x200.jpg 300w, https:\/\/envalys.is\/wp-content\/uploads\/2022\/02\/i1-3-768x512.jpg 768w\" sizes=\"(max-width: 1024px) 100vw, 1024px\" \/>\t\t<\/div>\n\t\t\t\t<div class=\"elementor-portfolio-item__overlay\">\n\t\t\t\t<h3 class=\"elementor-portfolio-item__title\">\n\t\tMarkarland 10-16\t\t<\/h3>\n\t\t\t\t<\/div>\n\t\t\t\t<\/a>\n\t\t<\/article>\n\t\t\t\t<article class=\"elementor-portfolio-item elementor-post  post-990 projects type-projects status-publish has-post-thumbnail hentry project_type-design-planning\" role=\"listitem\">\n\t\t\t<a class=\"elementor-post__thumbnail__link\" href=\"https:\/\/envalys.is\/en\/projects\/fljotsdalur-village-in-hjardarbol\/\">\n\t\t\t\t<div class=\"elementor-portfolio-item__img elementor-post__thumbnail\">\n\t\t\t<img loading=\"lazy\" decoding=\"async\" width=\"1350\" height=\"760\" src=\"https:\/\/envalys.is\/wp-content\/uploads\/2022\/02\/envalys-picture-notavailable.jpg\" class=\"attachment-full size-full wp-image-958\" alt=\"\" srcset=\"https:\/\/envalys.is\/wp-content\/uploads\/2022\/02\/envalys-picture-notavailable.jpg 1350w, https:\/\/envalys.is\/wp-content\/uploads\/2022\/02\/envalys-picture-notavailable-300x169.jpg 300w, https:\/\/envalys.is\/wp-content\/uploads\/2022\/02\/envalys-picture-notavailable-1024x576.jpg 1024w, https:\/\/envalys.is\/wp-content\/uploads\/2022\/02\/envalys-picture-notavailable-768x432.jpg 768w\" sizes=\"(max-width: 1350px) 100vw, 1350px\" \/>\t\t<\/div>\n\t\t\t\t<div class=\"elementor-portfolio-item__overlay\">\n\t\t\t\t<h3 class=\"elementor-portfolio-item__title\">\n\t\tFlj\u00f3tsdalur &#8211; Village in Hjar\u00f0arb\u00f3l\t\t<\/h3>\n\t\t\t\t<\/div>\n\t\t\t\t<\/a>\n\t\t<\/article>\n\t\t\t\t<\/div>\n\t\t\t\t\t\t<\/div>\n\t\t\t\t<\/div>\n\t\t\t\t\t<\/div>\n\t\t<\/div>\n\t\t\t\t\t<\/div>\n\t\t<\/section>\n\t\t\t\t<\/div>\n\t\t","protected":false},"excerpt":{"rendered":"<p>Design &amp; Planning Projects We&#8217;re so proud of the projects that ENVALYS is helping to bring to life. Here&#8217;s a small sampling of them.<\/p>\n","protected":false},"author":2,"featured_media":0,"parent":0,"menu_order":0,"comment_status":"closed","ping_status":"closed","template":"","meta":{"_acf_changed":false,"inline_featured_image":false,"footnotes":""},"class_list":["post-563","page","type-page","status-publish","hentry"],"acf":[],"_links":{"self":[{"href":"https:\/\/envalys.is\/en\/wp-json\/wp\/v2\/pages\/563","targetHints":{"allow":["GET"]}}],"collection":[{"href":"https:\/\/envalys.is\/en\/wp-json\/wp\/v2\/pages"}],"about":[{"href":"https:\/\/envalys.is\/en\/wp-json\/wp\/v2\/types\/page"}],"author":[{"embeddable":true,"href":"https:\/\/envalys.is\/en\/wp-json\/wp\/v2\/users\/2"}],"replies":[{"embeddable":true,"href":"https:\/\/envalys.is\/en\/wp-json\/wp\/v2\/comments?post=563"}],"version-history":[{"count":0,"href":"https:\/\/envalys.is\/en\/wp-json\/wp\/v2\/pages\/563\/revisions"}],"wp:attachment":[{"href":"https:\/\/envalys.is\/en\/wp-json\/wp\/v2\/media?parent=563"}],"curies":[{"name":"wp","href":"https:\/\/api.w.org\/{rel}","templated":true}]}}